{"id":213,"date":"2017-11-12T15:27:40","date_gmt":"2017-11-12T14:27:40","guid":{"rendered":"http:\/\/www.naviga.org\/section_ns\/?page_id=213"},"modified":"2024-07-21T09:17:27","modified_gmt":"2024-07-21T07:17:27","slug":"referee","status":"publish","type":"page","link":"http:\/\/www.naviga.org\/section_ns\/index.php\/referee\/","title":{"rendered":"Referee"},"content":{"rendered":"<div class=\"entry\">\n<p>Die aktuelle internationale Schiedsrichterliste finden Sie auf der Homepage &gt; Startseite &gt; Dokumente &gt; <strong>List of official NAVIGA judges Datum<\/strong><\/p>\n<p>Laut Datenschutzbestimmungen der Europ\u00e4ischen Union ist es nicht mehr erlaubt ohne Einwilligung der pers\u00f6nlichen Daten diese zu ver\u00f6ffentlichen. Somit ist es erforderlich eine Genehmigung \u00fcber den Sektionsleiter zur Ver\u00f6ffentlichung der pers\u00f6nlichen Daten an die NAVIGA zu senden.<\/p>\n<p>The current international list of judges can be found on the homepage &gt; Home &gt; Documents &gt; <strong>List of official NAVIGA judges Date<\/strong><\/p>\n<p>According to the data protection regulations of the European Union, it is no longer permitted to publish personal data without consent. It is therefore necessary to send permission to NAVIGA via the section head to publish personal data.<\/p>\n<\/div>\n","protected":false},"excerpt":{"rendered":"<p>Die aktuelle internationale Schiedsrichterliste finden Sie auf der Homepage &gt; Startseite &gt; Dokumente &gt; List of official NAVIGA judges Datum Laut Datenschutzbestimmungen der Europ\u00e4ischen Union ist es nicht mehr erlaubt ohne Einwilligung der pers\u00f6nlichen Daten diese zu ver\u00f6ffentlichen. Somit ist es erforderlich eine Genehmigung \u00fcber den Sektionsleiter zur Ver\u00f6ffentlichung der pers\u00f6nlichen Daten an die NAVIGA &#8230;<\/p>\n","protected":false},"author":4,"featured_media":0,"parent":0,"menu_order":0,"comment_status":"closed","ping_status":"closed","template":"","meta":{"ngg_post_thumbnail":0,"footnotes":""},"class_list":["post-213","page","type-page","status-publish"],"_links":{"self":[{"href":"http:\/\/www.naviga.org\/section_ns\/index.php\/wp-json\/wp\/v2\/pages\/213","targetHints":{"allow":["GET"]}}],"collection":[{"href":"http:\/\/www.naviga.org\/section_ns\/index.php\/wp-json\/wp\/v2\/pages"}],"about":[{"href":"http:\/\/www.naviga.org\/section_ns\/index.php\/wp-json\/wp\/v2\/types\/page"}],"author":[{"embeddable":true,"href":"http:\/\/www.naviga.org\/section_ns\/index.php\/wp-json\/wp\/v2\/users\/4"}],"replies":[{"embeddable":true,"href":"http:\/\/www.naviga.org\/section_ns\/index.php\/wp-json\/wp\/v2\/comments?post=213"}],"version-history":[{"count":24,"href":"http:\/\/www.naviga.org\/section_ns\/index.php\/wp-json\/wp\/v2\/pages\/213\/revisions"}],"predecessor-version":[{"id":572,"href":"http:\/\/www.naviga.org\/section_ns\/index.php\/wp-json\/wp\/v2\/pages\/213\/revisions\/572"}],"wp:attachment":[{"href":"http:\/\/www.naviga.org\/section_ns\/index.php\/wp-json\/wp\/v2\/media?parent=213"}],"curies":[{"name":"wp","href":"https:\/\/api.w.org\/{rel}","templated":true}]}}